{"id":306,"date":"2017-08-19T22:22:11","date_gmt":"2017-08-19T22:22:11","guid":{"rendered":"https:\/\/blogs.scu.edu\/foodwater\/?page_id=306"},"modified":"2020-08-07T21:36:49","modified_gmt":"2020-08-07T21:36:49","slug":"diversification-project-team","status":"publish","type":"page","link":"https:\/\/blogs.scu.edu\/foodwater\/the-team\/diversification-project-team\/","title":{"rendered":"Team for the Diversification Project"},"content":{"rendered":"<p><b>R\u00e9my Vandame<\/b><\/p>\n<p><a href=\"http:\/\/www.ecosur.mx\/departamento\/dasa\"><b>Departamento de Agricultura, Sociedad y Ambiente<\/b><\/a> <span style=\"font-weight: 400\"><br \/>\n<\/span><span style=\"font-weight: 400\">Grupo: <\/span><a href=\"http:\/\/www.ecosur.mx\/grupo\/agroecologia\"><span style=\"font-weight: 400\">Agroecolog\u00eda <\/span><span style=\"font-weight: 400\"><br \/>\n<\/span><\/a><span style=\"font-weight: 400\">Unidad: San Crist\u00f3bal <\/span><span style=\"font-weight: 400\"><br \/>\n<\/span><span style=\"font-weight: 400\">Categor\u00eda Acad\u00e9mica: Investigador Titular &#8220;C&#8221; con Definitividad <\/span><span style=\"font-weight: 400\"><br \/>\n<\/span><span style=\"font-weight: 400\">Sistema Nacional de Investigadores: Nivel II <\/span><span style=\"font-weight: 400\"><br \/>\n<\/span><span style=\"font-weight: 400\">remy@ecosur.mx (ext. 1426) <\/span><\/p>\n<h3><span style=\"font-weight: 400\">S\u00edntesis curricular:\u00a0<\/span><span style=\"font-weight: 400\">Estudie una maestr\u00eda en etolog\u00eda, haciendo mi tesis sobre el comportamiento de comunicaci\u00f3n en la abeja Apis mellifera, luego un doctorado y un posdoctorado en ecolog\u00eda, codirigido en la Universidad de Lyon, Francia, y el Colegio de Postgraduados, en M\u00e9xico. El tema fue entonces de entender porque las abejas africanizadas en el sureste de M\u00e9xico eran resistentes al \u00e1caro Varroa destructor, par\u00e1sito de todas las otras razas de abejas. Desde el a\u00f1o 2000, soy responsable de la L\u00ednea de Investigaci\u00f3n \u201cAbejas de Chiapas\u201d, en Ecosur. El trabajo en equipo me permiti\u00f3 ampliar los temas a la ecolog\u00eda del paisaje, la biodiversidad y la ecolog\u00eda de abejas nativas, pero tambi\u00e9n abordar temas sociales y dedicar gran parte de los esfuerzos a temas aplicados, en trabajos coordinados con las organizaciones de apicultores.<\/span><\/h3>\n<h3><span style=\"font-weight: 400\">\u00c1reas de Inter\u00e9s:\u00a0<\/span><span style=\"font-weight: 400\">Mis \u00e1reas de inter\u00e9s van desde la ecolog\u00eda (comportamiento, paisaje, biodiversidad) hasta la ciencias sociales y el trabajo aplicado al desarrollo sustentable, con organizaciones de productores.<\/span><\/h3>\n<p><b>Bruce G. Ferguson <\/b><b>(https:\/\/www.ecosur.mx\/academico\/bferguson\/)<\/b><\/p>\n<p><a href=\"http:\/\/www.ecosur.mx\/departamento\/dasa\"><b>Departamento de Agricultura, Sociedad y Ambiente<\/b><\/a> <span style=\"font-weight: 400\"><br \/>\n<\/span><span style=\"font-weight: 400\">Grupo: <\/span><a href=\"http:\/\/www.ecosur.mx\/grupo\/agroecologia\"><span style=\"font-weight: 400\">Agroecolog\u00eda <\/span><span style=\"font-weight: 400\"><br \/>\n<\/span><\/a><span style=\"font-weight: 400\">Unidad: San Crist\u00f3bal <\/span><span style=\"font-weight: 400\"><br \/>\n<\/span><span style=\"font-weight: 400\">Categor\u00eda Acad\u00e9mica: Investigador Titular &#8220;B&#8221; <\/span><span style=\"font-weight: 400\"><br \/>\n<\/span><span style=\"font-weight: 400\">Sistema Nacional de Investigadores: Nivel I <\/span><span style=\"font-weight: 400\"><br \/>\n<\/span><span style=\"font-weight: 400\">bferguson@ecosur.mx (ext. 1406) <\/span><\/p>\n<h3><span style=\"font-weight: 400\">S\u00edntesis curricular:\u00a0<\/span><span style=\"font-weight: 400\">Soy bi\u00f3logo (Kalamazoo College) con MSc en Manejo de Recursos Naturales y PhD en Ecolog\u00eda de la U de Michigan. Mis tesis documentaron procesos y mecanimsos de d\u00ednamica sucesional posagr\u00edcola en el tr\u00f3pico h\u00famedo de centroam\u00e9rica (El Pet\u00e9n, Guatemala, la Costa Atl\u00e1ntica de Nicaragua), con enfoque sobre facilitaci\u00f3n entre plantas y aplicaciones a restauraci\u00f3n ecol\u00f3gica. Desde mi incorporaci\u00f3n a ECOSUR, he seguido con la din\u00e1mica forestal en relaci\u00f3n a los sistemas agropecuarios. Mi investigaci\u00f3n actual se enfoca en los huertos escolares para facilitar el aprendizaje en agroecolog\u00eda, ciencias, nutrici\u00f3n, y cuidado ambiental, y como espacio de encuentro entre conocimientos locales y acad\u00e9micos. Tambi\u00e9n trabajo con la agricultura urbana desde las perspectivas de a la soberan\u00eda alimentaria y la ecolog\u00eda de paisajes. <\/span><\/h3>\n<h3><span style=\"font-weight: 400\">\u00c1reas de Inter\u00e9s:\u00a0<\/span><span style=\"font-weight: 400\">* Soberan\u00eda alimentaria. * Huertos escolares. * Agroecolog\u00eda urbana. * Ciencia &#8220;ciudadana&#8221; o popular. * Ganader\u00eda sustentable. * Restauraci\u00f3n ecol\u00f3gica y biodiversidad en agropaisajes.<\/span><\/h3>\n<p><strong>Salatiel Valdivia\u00a0<\/strong><\/p>\n<div style=\"width: 161px\" class=\"wp-caption alignright\"><img loading=\"lazy\" decoding=\"async\" class=\"\" src=\"https:\/\/lh3.googleusercontent.com\/IoyjBaPntVN1rLqNZRYFq4RgfZiBZqzPKunDinns126qgP-TB9K6IjmgOqc5i3RV_q0k-JfMAQhZMG91etUdNHGeDicqz5Ycb-Qt3TYFFOMOi5rMtgwB7tG684yktZousYXFNNUwavrpPzoAUA\" alt=\"\" width=\"151\" height=\"151\" \/><p class=\"wp-caption-text\">Salatiel Valdivia<\/p><\/div>\n<p><span style=\"font-weight: 400\">Vice Gerente de Desarrollo- PRODECOOP\u00a0<\/span><\/p>\n<p>http:\/\/www.prodecoop.com\/contactos\/administrativos\/salatiel-valdivia.html<\/p>\n<div style=\"width: 212px\" class=\"wp-caption alignright\"><img loading=\"lazy\" decoding=\"async\" src=\"https:\/\/lh5.googleusercontent.com\/ePQTm0R6mxL5nWInAGTxMsZPtNRdmCWu8XlaxlqcnL_HAMEggYsV9nhsmvrzbwHplckwwku4juu6QJoBp1UQ1SvQKjbR_QxF8UUitoNJUpQtuLVrUF_xlGNb_B5WyylvIKcECxGfDf269U3Fsg\" alt=\"\" width=\"202\" height=\"151\" \/><p class=\"wp-caption-text\">Misael Rivas (centro)<\/p><\/div>\n<p><strong>Misael Rivas\u00a0<\/strong><\/p>\n<p><span style=\"font-weight: 400\">Coordinador de proyectos de soberan\u00eda y seguridad alimentaria \u2013 PRODECOOP.<\/span><\/p>\n<div style=\"width: 229px\" class=\"wp-caption alignright\"><img loading=\"lazy\" decoding=\"async\" src=\"https:\/\/lh6.googleusercontent.com\/HboTLHRy4l5QbKFsEOQLVJlqjErHCsBB4jsgTEnMMJRwysa79nRoJqApJ6CcBK7kB5kiOpXjCGndihtPI177zL72S_Phrkv2bK6mwQ3V9ndXUQxB648HyRgj7rv_SEt5Z00bBVwM_hzlUirycA\" alt=\"\" width=\"219\" height=\"161\" \/><p class=\"wp-caption-text\">Maria Eugenia Flores (izquierda)<\/p><\/div>\n<p><strong>Maria Eugenia Flores\u00a0<\/strong><\/p>\n<p><span style=\"font-weight: 400\">Coordinadora de proyectos de Community Agroecology Network (CAN) Las Segovias, Nicaragua<\/span><\/p>\n<p><strong>Chris Bacon\u00a0<\/strong><\/p>\n<p><span style=\"font-weight: 400\">Profesor de la universidad de Santa Clara, California<\/span><\/p>\n<p>https:\/\/www.scu.edu\/cas\/ess\/faculty-and-staff\/christopher-bacon\/<\/p>\n<div style=\"width: 174px\" class=\"wp-caption alignright\"><img loading=\"lazy\" decoding=\"async\" src=\"https:\/\/lh3.googleusercontent.com\/Jwvk-5MAlwJmSlFu4Olqp-QNV6PKhcUA_uSTkX2Im2vWVGR2qBS8kYDDbceuc_DN4h3upGNbTSxBBx2_tD7HeoHw8gNFAQ2i-1Wgdx7bITwC6QbM_UL0o-Gmot2Yr_ge-gcIs3DhPyiIBQ4cjA\" alt=\"\" width=\"164\" height=\"164\" \/><p class=\"wp-caption-text\">Dr. Francisco Salmer\u00f3n<\/p><\/div>\n<p><strong>Profesor Dr. Francisco Salmer\u00f3\u00a0<\/strong><\/p>\n<p><span style=\"font-weight: 400\">Agronomy, Agricultural Plant Science, Soil Science <\/span><\/p>\n<p><span style=\"font-weight: 400\">Universidad Nacional Agraria- Nicaragua<\/span><\/p>\n<p>http:\/\/www.una.edu.ni\/postgrado\/itemlist\/category\/80-ciencias-de-la-agroecologia<\/p>\n<div style=\"width: 162px\" class=\"wp-caption alignright\"><img loading=\"lazy\" decoding=\"async\" src=\"https:\/\/lh4.googleusercontent.com\/xt__YnJT3ACmNdEN_ZnB2n_n5gEFalZUki7EqfIUPESdvtl1o3-9KK9QXyl69LGqvzhSlt_V6lvVW4iAYSL9-UzWlfFfEfzxupbmTtQXwikOcksR89WGShPDshJKXkLNLUiw3WJ6XaCn2WOc7A\" alt=\"\" width=\"152\" height=\"175\" \/><p class=\"wp-caption-text\">\u00c1lvaro Nicol\u00e1s Benavides Gonz\u00e1lez<\/p><\/div>\n<p><b>\u00c1lvaro Nicol\u00e1s Benavides Gonz\u00e1lez\u00a0<\/b><\/p>\n<p><span style=\"font-weight: 400\">Curs\u00f3 estudios en la Universidad Nacional Agraria (1985-1989). Ingeniero Agr\u00f3nomo con orientaci\u00f3n en Fitotecnia. T\u00e9cnico Operador y Programador B\u00e1sico de Microcomputadoras y M\u00e1ster en Sistemas Integrados de Producci\u00f3n Agropecuaria en el Tr\u00f3pico (2001-2003) por la Universidad Aut\u00f3noma de Barcelona y la Universidad Nacional Agraria.<\/span><\/p>\n<p><span style=\"font-weight: 400\">Inicio labores en la Universidad Nacional Agraria (UNA) a partir del a\u00f1o 1990 en el programa Recursos Gen\u00e9ticos Nicarag\u00fcenses (REGEN).<\/span><\/p>\n<p><span style=\"font-weight: 400\">Ha impartido docencia en experimentaci\u00f3n agropecuaria, metodolog\u00eda de la investigaci\u00f3n. <\/span><\/p>\n<p><span style=\"font-weight: 400\">Las l\u00edneas de investigaci\u00f3n versan sobre caracterizaci\u00f3n prospecci\u00f3n, colecta y evaluaci\u00f3n de recursos fitogen\u00e9ticos, an\u00e1lisis estad\u00edsticos de experimentos agr\u00edcolas y encuestas, as\u00ed como desarrollo comunitario. Asesorados 60 tesis de grado y posgrado, y graduados 90 estudiantes. Participaci\u00f3n en jornadas y congresos cient\u00edficos nacionales, y publicados art\u00edculos cient\u00edficos en revistas indexadas y no indexadas.<\/span><\/p>\n<p><span style=\"font-weight: 400\">Actualmente coordina la carrera de Ingenier\u00eda agron\u00f3mica en la Facultad de Agronom\u00eda (FAGRO) y el programa Desarrollo Participativo Integral Rural (DEPARTIR), cuya finalidad es fomentar y realizar actividades de ense\u00f1anza, investigaci\u00f3n aplicada, y desarrollo comunitario.<\/span><\/p>\n<div style=\"width: 147px\" class=\"wp-caption alignright\"><img loading=\"lazy\" decoding=\"async\" src=\"https:\/\/lh5.googleusercontent.com\/MHN0SEXGd0ui6xtfG5XPfqFmkoDGMPkyETda6VPRxhRo6afhXNOosUtWmu7AjRMuIh4zQ36DKeuH4fldWgyC6l0CsVLjbMya3n8LtGL9WrrJW1wh7d2V2iJ2vaAeW5v7_E-r0DlT\" alt=\"\" width=\"137\" height=\"159\" \/><p class=\"wp-caption-text\">Henry Alberto Duarte Canales<\/p><\/div>\n<p><b>Henry Alberto Duarte Canales\u00a0<\/b><\/p>\n<p><span style=\"font-weight: 400\">Curs\u00f3 estudios en la Universidad Nacional Agraria (2006-2010). Ingeniero Agr\u00edcola y M\u00e1ster en Agroecolog\u00eda para el Desarrollo Sostenible (2012-2014) por la Universidad Nacional Agraria.<\/span> <span style=\"font-weight: 400\">Inici\u00f3 labores en la Universidad Nacional Agraria (UNA) a partir del a\u00f1o 2011 en el departamento de Ingenier\u00eda Agr\u00edcola<\/span><b>. <\/b><span style=\"font-weight: 400\">Ha impartido docencia en R\u00e9gimen de Riego, Dise\u00f1o de Sistemas de Riego, Construcciones Rurales, Topograf\u00eda, AUTOCAD 2D y Agrotecnia de Cultivos. Las l\u00edneas de investigaci\u00f3n versan sobre Riego y Drenaje, Manejo Agroecol\u00f3gico de cultivos, Conservaci\u00f3n, Restauraci\u00f3n de Suelos Degradados y encuestas, as\u00ed como desarrollo comunitario. Asesorados 15 tesis de grado. Participaci\u00f3n en jornadas y congresos cient\u00edficos nacionales, y publicados art\u00edculos cient\u00edficos en revistas de Ingenier\u00eda Agr\u00edcola de Cuba y no indexadas. Actualmente coordina el \u00e1rea de Riego y Topograf\u00eda en la Facultad de Agronom\u00eda (FAGRO).\u00a0<\/span><\/p>\n<div style=\"width: 143px\" class=\"wp-caption alignright\"><img loading=\"lazy\" decoding=\"async\" src=\"https:\/\/lh3.googleusercontent.com\/18VcW06KstH2sLXJ5doWOQhfqGzlUTljSHHXxZGhNjetd2fmVueQHSoBTI1URPFqT9OtFvwV7MAf3jAu7L-3_A8FN19HrJg7ApEsMfIKCumPaVUMsymEf9gMLKxzdwoYVy0fIZo94U2i2pFvWg\" alt=\"\" width=\"133\" height=\"175\" \/><p class=\"wp-caption-text\">Josu\u00e9 Daniel Rocha Espinoza<\/p><\/div>\n<p><b>Josu\u00e9 Daniel Rocha Espinoza\u00a0<\/b><\/p>\n<p><span style=\"font-weight: 400\">Curs\u00f3 estudios en la Universidad Nacional Agraria (2007-2011). Ingeniero en Zootecnia y M\u00e1ster en Sistemas de Producci\u00f3n Animal Sostenible (2014-2017) por la Universidad Nacional Agraria.<\/span> <span style=\"font-weight: 400\">Inici\u00f3 labores en la Universidad Nacional Agraria (UNA) a partir del a\u00f1o 2012 en el departamento de Sistema Integrales de Producci\u00f3n Animal<\/span><b>. <\/b><span style=\"font-weight: 400\">Ha impartido docencia en Apicultura, Ganader\u00eda (especies menores y mayores), transformaci\u00f3n de productos pecuarios (leche y carne), y Bromatolog\u00eda. Ha realizado investigaciones en nutrici\u00f3n animal, evaluaci\u00f3n de sistemas agropecuarios con indicadores ecol\u00f3gicos. Participaci\u00f3n en jornadas y congresos cient\u00edficos nacionales, y publicaciones de art\u00edculos cient\u00edficos en revista de la Universidad Nacional Agraria. Publicaci\u00f3n de manuales t\u00e9cnicos con instituciones nacionales<\/span><\/p>\n<h4><em><span style=\"font-weight: 400\">No incluye tres promotores de PRODECOOP ni otros profesores pendientes a ser nominados por parte de UNA adem\u00e1s de los estudiantes<\/span><\/em><\/h4>\n","protected":false},"excerpt":{"rendered":"<p>R\u00e9my Vandame Departamento de Agricultura, Sociedad y Ambiente Grupo: Agroecolog\u00eda Unidad: San Crist\u00f3bal Categor\u00eda Acad\u00e9mica: Investigador Titular &#8220;C&#8221; con Definitividad Sistema Nacional de Investigadores: Nivel II remy@ecosur.mx (ext. 1426) S\u00edntesis curricular:\u00a0Estudie una maestr\u00eda en etolog\u00eda, haciendo mi tesis sobre el &hellip; <a href=\"https:\/\/blogs.scu.edu\/foodwater\/the-team\/diversification-project-team\/\">Continue reading <span class=\"meta-nav\">&rarr;<\/span><\/a><\/p>\n","protected":false},"author":1368,"featured_media":0,"parent":90,"menu_order":0,"comment_status":"closed","ping_status":"closed","template":"","meta":{"qubely_global_settings":"","qubely_interactions":"","kk_blocks_editor_width":"","_kiokenblocks_attr":"","_kiokenblocks_dimensions":"","footnotes":""},"class_list":["post-306","page","type-page","status-publish","hentry"],"post_mailing_queue_ids":[],"_links":{"self":[{"href":"https:\/\/blogs.scu.edu\/foodwater\/wp-json\/wp\/v2\/pages\/306","targetHints":{"allow":["GET"]}}],"collection":[{"href":"https:\/\/blogs.scu.edu\/foodwater\/wp-json\/wp\/v2\/pages"}],"about":[{"href":"https:\/\/blogs.scu.edu\/foodwater\/wp-json\/wp\/v2\/types\/page"}],"author":[{"embeddable":true,"href":"https:\/\/blogs.scu.edu\/foodwater\/wp-json\/wp\/v2\/users\/1368"}],"replies":[{"embeddable":true,"href":"https:\/\/blogs.scu.edu\/foodwater\/wp-json\/wp\/v2\/comments?post=306"}],"version-history":[{"count":11,"href":"https:\/\/blogs.scu.edu\/foodwater\/wp-json\/wp\/v2\/pages\/306\/revisions"}],"predecessor-version":[{"id":501,"href":"https:\/\/blogs.scu.edu\/foodwater\/wp-json\/wp\/v2\/pages\/306\/revisions\/501"}],"up":[{"embeddable":true,"href":"https:\/\/blogs.scu.edu\/foodwater\/wp-json\/wp\/v2\/pages\/90"}],"wp:attachment":[{"href":"https:\/\/blogs.scu.edu\/foodwater\/wp-json\/wp\/v2\/media?parent=306"}],"curies":[{"name":"wp","href":"https:\/\/api.w.org\/{rel}","templated":true}]}}