{"id":16,"date":"2016-10-21T18:49:37","date_gmt":"2016-10-21T18:49:37","guid":{"rendered":"https:\/\/blogs.scu.edu\/foodwater\/?page_id=16"},"modified":"2017-08-03T22:44:43","modified_gmt":"2017-08-03T22:44:43","slug":"data","status":"publish","type":"page","link":"https:\/\/blogs.scu.edu\/foodwater\/data\/","title":{"rendered":"Data &amp; Maps"},"content":{"rendered":"<p>Poster presented at the American Geophysical Union &#8211; December 2016\u00a0<a href=\"https:\/\/blogs.scu.edu\/foodwater\/files\/2016\/10\/maurer_agu_2016_poster_GC43C-1171_v2.5.pdf\">Climate Change and the Central American Mid-summer Drought \u2013 The Importance of Changing Precipitation Patterns for Food and Water Security<\/a><\/p>\n<p>Work in progress:\u00a0<a href=\"https:\/\/www.google.com\/maps\/d\/u\/1\/edit?authuser=1&amp;mid=1AifSzLs0ob0cA4TgtMDYvq-c394&amp;ll=14.9965128575285%2C-91.01290371978757&amp;z=7\">Mapping the Coffee Rust Outbreak &amp;\u00a0Crop Loss in Guatemala\u00a0\u00a0<\/a><\/p>\n<p>_________________________<\/p>\n<p>En espa\u00f1ol:<\/p>\n<p>El poster\u00a0presentado en la Uni\u00f3n Geof\u00edsica Americana &#8211; Diciembre 2016:\u00a0<span style=\"font-weight: 400\"><a href=\"https:\/\/blogs.scu.edu\/foodwater\/files\/2016\/10\/maurer_agu_2016_poster_GC43C-1171_v2.5.pdf\">Cambio Clim\u00e1tico y la Can\u00edcula de Centroam\u00e9rica: La Importancia de Los Patrones Cambiantes para la Seguridad Alimentaria y de Agua<\/a>\u00a0<\/span><\/p>\n<p>Trabajo en progreso: <a href=\"https:\/\/www.google.com\/maps\/d\/u\/1\/edit?authuser=1&amp;mid=1AifSzLs0ob0cA4TgtMDYvq-c394&amp;ll=14.97370727637195%2C-91.01290371978757&amp;z=7\">Mapeando el Brote de La Roya y la P<span style=\"font-weight: 400\">\u00e9rdida de Cosecha en Guatemala\u00a0<\/span><\/a><\/p>\n<p>&nbsp;<\/p>\n","protected":false},"excerpt":{"rendered":"<p>Poster presented at the American Geophysical Union &#8211; December 2016\u00a0Climate Change and the Central American Mid-summer Drought \u2013 The Importance of Changing Precipitation Patterns for Food and Water Security Work in progress:\u00a0Mapping the Coffee Rust Outbreak &amp;\u00a0Crop Loss in Guatemala\u00a0\u00a0 &hellip; <a href=\"https:\/\/blogs.scu.edu\/foodwater\/data\/\">Continue reading <span class=\"meta-nav\">&rarr;<\/span><\/a><\/p>\n","protected":false},"author":1637,"featured_media":0,"parent":0,"menu_order":0,"comment_status":"closed","ping_status":"closed","template":"","meta":{"qubely_global_settings":"","qubely_interactions":"","kk_blocks_editor_width":"","_kiokenblocks_attr":"","_kiokenblocks_dimensions":"","footnotes":""},"class_list":["post-16","page","type-page","status-publish","hentry"],"post_mailing_queue_ids":[],"_links":{"self":[{"href":"https:\/\/blogs.scu.edu\/foodwater\/wp-json\/wp\/v2\/pages\/16","targetHints":{"allow":["GET"]}}],"collection":[{"href":"https:\/\/blogs.scu.edu\/foodwater\/wp-json\/wp\/v2\/pages"}],"about":[{"href":"https:\/\/blogs.scu.edu\/foodwater\/wp-json\/wp\/v2\/types\/page"}],"author":[{"embeddable":true,"href":"https:\/\/blogs.scu.edu\/foodwater\/wp-json\/wp\/v2\/users\/1637"}],"replies":[{"embeddable":true,"href":"https:\/\/blogs.scu.edu\/foodwater\/wp-json\/wp\/v2\/comments?post=16"}],"version-history":[{"count":14,"href":"https:\/\/blogs.scu.edu\/foodwater\/wp-json\/wp\/v2\/pages\/16\/revisions"}],"predecessor-version":[{"id":282,"href":"https:\/\/blogs.scu.edu\/foodwater\/wp-json\/wp\/v2\/pages\/16\/revisions\/282"}],"wp:attachment":[{"href":"https:\/\/blogs.scu.edu\/foodwater\/wp-json\/wp\/v2\/media?parent=16"}],"curies":[{"name":"wp","href":"https:\/\/api.w.org\/{rel}","templated":true}]}}