{"id":55,"date":"2021-09-29T15:43:26","date_gmt":"2021-09-29T15:43:26","guid":{"rendered":"https:\/\/blogs.scu.edu\/agroecology\/?page_id=55"},"modified":"2023-10-12T02:43:32","modified_gmt":"2023-10-12T02:43:32","slug":"faculty-research-team","status":"publish","type":"page","link":"https:\/\/blogs.scu.edu\/agroecology\/team\/faculty-research-team\/","title":{"rendered":"Faculty Research Team"},"content":{"rendered":"\n<h2 class=\"wp-block-heading\">Christopher M. Bacon<\/h2>\n\n\n\n<div class=\"wp-block-media-text alignwide is-stacked-on-mobile is-vertically-aligned-top\" style=\"grid-template-columns:25% auto\"><figure class=\"wp-block-media-text__media\"><img loading=\"lazy\" decoding=\"async\" width=\"360\" height=\"288\" src=\"https:\/\/blogs.scu.edu\/agroecology\/files\/2021\/11\/Dr.-Bacon-1.jpg\" alt=\"\" class=\"wp-image-200 size-full\" srcset=\"https:\/\/blogs.scu.edu\/agroecology\/files\/2021\/11\/Dr.-Bacon-1.jpg 360w, https:\/\/blogs.scu.edu\/agroecology\/files\/2021\/11\/Dr.-Bacon-1-300x240.jpg 300w\" sizes=\"auto, (max-width: 360px) 100vw, 360px\" \/><\/figure><div class=\"wp-block-media-text__content\">\n<p>Christopher M. Bacon (Principal Investigator)<strong>\u00a0<\/strong>is an environmental social scientist, agroecologist and human geographer, currently serving as an associate professor in Santa Clara University\u2019s <a href=\"https:\/\/www.scu.edu\/cas\/ess\/faculty-and-staff\/christopher-bacon\/\">Department of Environmental Studies &amp; Sciences (ESS) <\/a>and a member of the <a href=\"https:\/\/www.scu.edu\/cas\/ess\/faculty-and-staff\/christopher-bacon\/\">Environmental Justice and Common Good Initiative<\/a>. He received a PhD in Environmental Studies from UC Santa Cruz (2005), and completed postdoctoral studies in Geography at UC Berkeley, before joining ESS in 2010. Chris specializes in climate resilience, livelihoods, food systems sustainability and change, and food security in Central America, and environmental and food justice in California. As the lab lead, he has served as the Principal Investigator on projects supported by the National Science Foundation (NSF),\u00a0<a href=\"https:\/\/www.switzernetwork.org\/\">Switzer Foundation<\/a>, as well as the Agropolis and The Daniel and Nina Carasso Foundations. Dr. Bacon and a colleague recently secured a NSF grant to conduct a participatory study on how farmers and cooperatives are learning resilience, diversifying, and adapting to climate change, COVID, and other hazards in Nicaragua. Dr. Bacon\u2019s work often takes a community-based and participatory action research approach to generate knowledge that informs both theory and social change. He has mentored more than 30 undergraduate students, and co-authored publications with several of them. Chris teaches introductory and upper division classes related to environmental policy, politics and planning, political ecology, and food justice.<\/p>\n\n\n\n<figure class=\"wp-block-image size-full is-resized\"><a href=\"https:\/\/www.linkedin.com\/in\/chris-bacon-7463233\/\" target=\"_blank\" rel=\"noopener\"><img loading=\"lazy\" decoding=\"async\" src=\"https:\/\/blogs.scu.edu\/agroecology\/files\/2021\/11\/linkedin-icon.png\" alt=\"\" class=\"wp-image-224\" width=\"45\" height=\"45\" srcset=\"https:\/\/blogs.scu.edu\/agroecology\/files\/2021\/11\/linkedin-icon.png 512w, https:\/\/blogs.scu.edu\/agroecology\/files\/2021\/11\/linkedin-icon-300x300.png 300w, https:\/\/blogs.scu.edu\/agroecology\/files\/2021\/11\/linkedin-icon-290x290.png 290w\" sizes=\"auto, (max-width: 45px) 100vw, 45px\" \/><\/a><\/figure>\n<\/div><\/div>\n\n\n\n<h2 class=\"wp-block-heading\">William Sundstrom<\/h2>\n\n\n\n<div class=\"wp-block-media-text alignwide is-stacked-on-mobile is-vertically-aligned-top\" style=\"grid-template-columns:26% auto\"><figure class=\"wp-block-media-text__media\"><img loading=\"lazy\" decoding=\"async\" width=\"817\" height=\"786\" src=\"https:\/\/blogs.scu.edu\/agroecology\/files\/2021\/12\/sundstrom-cropped.jpg\" alt=\"\" class=\"wp-image-242 size-full\" srcset=\"https:\/\/blogs.scu.edu\/agroecology\/files\/2021\/12\/sundstrom-cropped.jpg 817w, https:\/\/blogs.scu.edu\/agroecology\/files\/2021\/12\/sundstrom-cropped-300x289.jpg 300w, https:\/\/blogs.scu.edu\/agroecology\/files\/2021\/12\/sundstrom-cropped-768x739.jpg 768w\" sizes=\"auto, (max-width: 817px) 100vw, 817px\" \/><\/figure><div class=\"wp-block-media-text__content\">\n<p>William Sundstrom is a professor of economics at Santa Clara University. He received his BA in Economics from the University of Massachusetts and his PhD in Economics from Stanford University. His research applies data analysis to study the determinants of poverty and inequality, the impact of government policies, and the economic history of labor markets, education, and related institutions. He is particularly interested in interdisciplinary research and is currently working with research teams that include scholars in geography, urban planning, and law. Recent research projects include the determinants of food and water insecurity and the impact of climate change in rural Central America; housing and development policies in Silicon Valley; the collateral consequences of criminal records and policies intending to mitigate those impacts; and the causes and effects of public libraries in the United States. He has published articles in a number of peer-reviewed journals, including the Journal of Economic History, Explorations in Economic History, the Industrial and Labor Relations Review, the Journal of Economic Behavior and Organization, Information and Culture, Global Environmental Change, Regional Science and Urban Economics, and World Development, and has been co-investigator on two National Science Foundation grants. He teaches courses in data analysis and econometrics; the economics of race, ethnicity, and gender; and MBA microeconomics.<\/p>\n\n\n\n<figure class=\"wp-block-image size-full is-resized\"><a href=\"https:\/\/www.linkedin.com\/in\/william-sundstrom-b6b3b236\/\" target=\"_blank\" rel=\"noopener\"><img loading=\"lazy\" decoding=\"async\" src=\"https:\/\/blogs.scu.edu\/agroecology\/files\/2021\/11\/linkedin-icon.png\" alt=\"\" class=\"wp-image-224\" width=\"42\" height=\"42\" srcset=\"https:\/\/blogs.scu.edu\/agroecology\/files\/2021\/11\/linkedin-icon.png 512w, https:\/\/blogs.scu.edu\/agroecology\/files\/2021\/11\/linkedin-icon-300x300.png 300w, https:\/\/blogs.scu.edu\/agroecology\/files\/2021\/11\/linkedin-icon-290x290.png 290w\" sizes=\"auto, (max-width: 42px) 100vw, 42px\" \/><\/a><\/figure>\n<\/div><\/div>\n\n\n\n<h2 class=\"wp-block-heading\"> Maria Eugenia Flores G\u00f3mez <\/h2>\n\n\n\n<div class=\"wp-block-media-text alignwide is-stacked-on-mobile is-vertically-aligned-top\" style=\"grid-template-columns:26% auto\"><figure class=\"wp-block-media-text__media\"><img loading=\"lazy\" decoding=\"async\" width=\"897\" height=\"1024\" src=\"https:\/\/blogs.scu.edu\/agroecology\/files\/2021\/11\/MEFG-Photo2-1-897x1024.jpg\" alt=\"\" class=\"wp-image-209 size-full\" srcset=\"https:\/\/blogs.scu.edu\/agroecology\/files\/2021\/11\/MEFG-Photo2-1-897x1024.jpg 897w, https:\/\/blogs.scu.edu\/agroecology\/files\/2021\/11\/MEFG-Photo2-1-263x300.jpg 263w, https:\/\/blogs.scu.edu\/agroecology\/files\/2021\/11\/MEFG-Photo2-1-768x877.jpg 768w, https:\/\/blogs.scu.edu\/agroecology\/files\/2021\/11\/MEFG-Photo2-1-1345x1536.jpg 1345w, https:\/\/blogs.scu.edu\/agroecology\/files\/2021\/11\/MEFG-Photo2-1-1794x2048.jpg 1794w\" sizes=\"auto, (max-width: 897px) 100vw, 897px\" \/><\/figure><div class=\"wp-block-media-text__content\">\n<div class=\"wp-block-columns is-layout-flex wp-container-core-columns-is-layout-9d6595d7 wp-block-columns-is-layout-flex\">\n<div class=\"wp-block-column is-layout-flow wp-block-column-is-layout-flow\" style=\"flex-basis:100%\">\n<p>Maria Eugenia Flores G\u00f3mez is a social psychologist with over 20 years of intercultural experiences in organizational leadership, conflict resolution, community development and community-based participatory action research (CB-PAR), working with residents and universities from Central America, Mexico and California.&nbsp; She was born in Nicaragua and grew up during a time of social conflict, struggle and changes. She studied popular theater as a tool to help communities recover from the impact of war and environmental disasters, and graduated in 1998 from the Universidad Centro Americana (UCA) in Managua, Nicaragua with bachelors\u2019 degrees in social psychology and humanities. She also has post-graduate certificates in anthropology, community development, and sustainable organizational management.&nbsp; In the last 10 years, she has worked with academics, farmers, and cooperative organizers using agroecology and CB-PAR to address pressing issues, such as food security, women&#8217;s rights, climate change adaptation, and inclusive economic development<\/p>\n\n\n\n<figure class=\"wp-block-image size-full is-resized\"><a href=\"https:\/\/www.linkedin.com\/in\/maria-eugenia-flores-gomez-035b5b36\/\" target=\"_blank\" rel=\"noopener\"><img loading=\"lazy\" decoding=\"async\" src=\"https:\/\/blogs.scu.edu\/agroecology\/files\/2021\/11\/linkedin-icon.png\" alt=\"\" class=\"wp-image-224\" width=\"42\" height=\"42\" srcset=\"https:\/\/blogs.scu.edu\/agroecology\/files\/2021\/11\/linkedin-icon.png 512w, https:\/\/blogs.scu.edu\/agroecology\/files\/2021\/11\/linkedin-icon-300x300.png 300w, https:\/\/blogs.scu.edu\/agroecology\/files\/2021\/11\/linkedin-icon-290x290.png 290w\" sizes=\"auto, (max-width: 42px) 100vw, 42px\" \/><\/a><\/figure>\n<\/div>\n<\/div>\n<\/div><\/div>\n\n\n\n<h2 class=\"wp-block-heading\">Ra\u00fal D\u00edaz<\/h2>\n\n\n\n<div class=\"wp-block-media-text alignwide is-stacked-on-mobile is-vertically-aligned-top\" style=\"grid-template-columns:26% auto\"><figure class=\"wp-block-media-text__media\"><img loading=\"lazy\" decoding=\"async\" width=\"299\" height=\"299\" src=\"https:\/\/blogs.scu.edu\/agroecology\/files\/2022\/01\/ACRAF-Raul-Diaz.jpg\" alt=\"\" class=\"wp-image-295 size-full\" srcset=\"https:\/\/blogs.scu.edu\/agroecology\/files\/2022\/01\/ACRAF-Raul-Diaz.jpg 299w, https:\/\/blogs.scu.edu\/agroecology\/files\/2022\/01\/ACRAF-Raul-Diaz-290x290.jpg 290w\" sizes=\"auto, (max-width: 299px) 100vw, 299px\" \/><\/figure><div class=\"wp-block-media-text__content\">\n<div class=\"wp-block-columns is-layout-flex wp-container-core-columns-is-layout-9d6595d7 wp-block-columns-is-layout-flex\">\n<div class=\"wp-block-column is-layout-flow wp-block-column-is-layout-flow\" style=\"flex-basis:100%\">\n<p>Ra\u00fal D\u00edaz is a researcher, academic and, above all, committed to human development. He is the director of the<a rel=\"noreferrer noopener\" href=\"http:\/\/asdenic.org\" target=\"_blank\"> Information and Innovation Center of the Nicaraguan Social Development Association (ASDENIC)<\/a>, where he promotes initiatives in Food Security, Productivity, Safe Water, Social Entrepreneurship and other actions that focus on improving the quality of life of people and the sustainable strengthening of environments to eradicate impoverishment and favor a society where all people have the same opportunities.<br>From ASDENIC and supported by national and international centers, he promotes social entrepreneurship, involving young people from the rural sector and university students, developing solutions to problems in a creative and innovative way. He believes that entrepreneurship is the key that makes us different and not the same as others. <br>Ra\u00fal is involved in the <a rel=\"noreferrer noopener\" href=\"http:\/\/Cluster-nicaragua.org\" target=\"_blank\">Food Security and Income Cluster<\/a>, an initiative that brings together 30 organizations and directly impacts 10,000 families in the dry corridor of northern Nicaragua. <br>Since 2004 he has collaborated with Dr. Bacon and since 2008, he participates in the <a rel=\"noreferrer noopener\" href=\"http:\/\/canunite.org\" target=\"_blank\">Community Agroecology Network<\/a>, including ethics, a series of values \u200b\u200band thinking about how to live sustainably, combining science with practice and maintaining a social movement of change directly with the communities of northern Nicaragua and other territories, respecting the environment, culture and above all\u2026the land to live sustainably.<\/p>\n\n\n\n<figure class=\"wp-block-image size-full is-resized\"><img loading=\"lazy\" decoding=\"async\" src=\"https:\/\/blogs.scu.edu\/agroecology\/files\/2021\/11\/linkedin-icon.png\" alt=\"\" class=\"wp-image-224\" width=\"42\" height=\"42\" srcset=\"https:\/\/blogs.scu.edu\/agroecology\/files\/2021\/11\/linkedin-icon.png 512w, https:\/\/blogs.scu.edu\/agroecology\/files\/2021\/11\/linkedin-icon-300x300.png 300w, https:\/\/blogs.scu.edu\/agroecology\/files\/2021\/11\/linkedin-icon-290x290.png 290w\" sizes=\"auto, (max-width: 42px) 100vw, 42px\" \/><\/figure>\n<\/div>\n<\/div>\n<\/div><\/div>\n","protected":false},"excerpt":{"rendered":"<p>Christopher M. Bacon William Sundstrom Maria Eugenia Flores G\u00f3mez Ra\u00fal D\u00edaz<\/p>\n","protected":false},"author":2505,"featured_media":0,"parent":28,"menu_order":1,"comment_status":"closed","ping_status":"closed","template":"","meta":{"qubely_global_settings":"","qubely_interactions":"","kk_blocks_editor_width":"","_kiokenblocks_attr":"","_kiokenblocks_dimensions":"","footnotes":""},"class_list":["post-55","page","type-page","status-publish","hentry"],"post_mailing_queue_ids":[],"_links":{"self":[{"href":"https:\/\/blogs.scu.edu\/agroecology\/wp-json\/wp\/v2\/pages\/55","targetHints":{"allow":["GET"]}}],"collection":[{"href":"https:\/\/blogs.scu.edu\/agroecology\/wp-json\/wp\/v2\/pages"}],"about":[{"href":"https:\/\/blogs.scu.edu\/agroecology\/wp-json\/wp\/v2\/types\/page"}],"author":[{"embeddable":true,"href":"https:\/\/blogs.scu.edu\/agroecology\/wp-json\/wp\/v2\/users\/2505"}],"replies":[{"embeddable":true,"href":"https:\/\/blogs.scu.edu\/agroecology\/wp-json\/wp\/v2\/comments?post=55"}],"version-history":[{"count":16,"href":"https:\/\/blogs.scu.edu\/agroecology\/wp-json\/wp\/v2\/pages\/55\/revisions"}],"predecessor-version":[{"id":618,"href":"https:\/\/blogs.scu.edu\/agroecology\/wp-json\/wp\/v2\/pages\/55\/revisions\/618"}],"up":[{"embeddable":true,"href":"https:\/\/blogs.scu.edu\/agroecology\/wp-json\/wp\/v2\/pages\/28"}],"wp:attachment":[{"href":"https:\/\/blogs.scu.edu\/agroecology\/wp-json\/wp\/v2\/media?parent=55"}],"curies":[{"name":"wp","href":"https:\/\/api.w.org\/{rel}","templated":true}]}}