{"id":37,"date":"2021-09-29T15:30:30","date_gmt":"2021-09-29T15:30:30","guid":{"rendered":"https:\/\/blogs.scu.edu\/agroecology\/?page_id=37"},"modified":"2024-05-05T02:50:35","modified_gmt":"2024-05-05T02:50:35","slug":"about-research","status":"publish","type":"page","link":"https:\/\/blogs.scu.edu\/agroecology\/about-research\/","title":{"rendered":"Publications"},"content":{"rendered":"\n<h2 class=\"wp-block-heading\"><strong>Academic Publications<\/strong> (* for student co-authors)<\/h2>\n\n\n\n<p><strong>Bacon, C. M.<\/strong>, Gleicher, A*., McCurry, E*., &amp; McNeil, C. (2024). <a href=\"https:\/\/www.foodsystemsjournal.org\/index.php\/fsj\/article\/view\/1253\">Toward a justice approach to emergency food assistance and food waste: <\/a>Exploring pantry\u2013urban gardener partnerships in California\u2019s Santa Clara County.&nbsp;<em>Journal of Agriculture, Food Systems, and Community Development<\/em>,&nbsp;<em>13<\/em>(3), 1-22. <a href=\"https:\/\/doi.org\/10.5304\/jafscd.2024.133.017\">https:\/\/doi.org\/10.5304\/jafscd.2024.133.017<\/a><\/p>\n\n\n\n<p><strong>Bacon, C. M.,&nbsp;<\/strong>Flores Gomez, M. E., Shin, V.*, Ballardo, G.*, Kriese, S.*, McCurry, E.*, Martinez, E* &amp; Rivas, M. (2023).<a href=\"https:\/\/www.tandfonline.com\/doi\/abs\/10.1080\/21683565.2023.2171172?journalCode=wjsa21\">&nbsp;Beyond the bean:&nbsp; Analyzing&nbsp; diversified farming, food security, dietary diversity, and gender in Nicaragua\u2019s smallholders coffee cooperatives<\/a>.&nbsp;<em>Agroecology and Sustainable Food Systems,<\/em>&nbsp;1-42.<\/p>\n\n\n\n<p>Guzm\u00e1n A.L.&nbsp;<strong>Bacon, C.M.<\/strong>, V. E. M\u00e9ndez, M-E. Flores G\u00f3mez, Anderz\u00e9n, J., Mier y Ter\u00e1n, M.,Hern\u00e1ndez, J. Rivas, M. Alberto Duarte, and H.Benavides,&nbsp;<em>A.(2022)&nbsp;<\/em><a href=\"https:\/\/www.frontiersin.org\/articles\/10.3389\/fsufs.2022.810840\/full\">Towards transformative agroecology: Participatory Action Research (PAR) and Diversification with farmers and members of coffee cooperatives in Mexico and Nicaragua.<\/a><em>&nbsp;Frontiers in Sustainable Food Systems, 6(810840), 1\u201319.<\/em><\/p>\n\n\n\n<p>Rhiney, K., Guido, Z., Knudson, C., Avelino, J.,<strong>&nbsp;Bacon, C. M.<\/strong>, Leclerc, G.,&nbsp;Aime, M.C.,&nbsp;and Bebber, D. P. (2021).&nbsp;<a href=\"https:\/\/www.pnas.org\/doi\/10.1073\/pnas.2023212118\">Epidemics and the future of coffee production.<\/a><em>&nbsp;Proceedings of the National Academy of Sciences<\/em>, 118 (27) e2023212118.<\/p>\n\n\n\n<p><strong>Bacon, C.M., <\/strong>L. C. Kelley, and I. T. Stewart. 2021. <a href=\"https:\/\/ecologyandsociety.org\/vol27\/iss1\/art16\/\">Toward a feminist political ecology of household food and water security during drought in northern Nicaragua.<\/a> Ecology and Society 27(1):16. https:\/\/doi.org\/10.5751\/ES-12716-270116<\/p>\n\n\n\n<p><strong>Bacon, C. M.,<\/strong> Sundstrom, W. A., Stewart, I. T., Maurer, E., &amp; Kelley, L. C. (2021). Towards smallholder food and water security: Climate variability in the context of multiple livelihood hazards in Nicaragua.&nbsp;<em>World Development<\/em>,&nbsp;<em>143<\/em>, 105468. https:\/\/doi.org\/10.1016\/j.worlddev.2021.105468<\/p>\n\n\n\n<p><strong>Bacon, C.M., <\/strong>W. Sundstrom, I. Stewart-Frey, and&nbsp;D. Beezer.*&nbsp;<a href=\"https:\/\/doi.org\/10.1016\/j.worlddev.2016.12.025\">Vulnerability to Cumulative Hazards: Coping with the Coffee Leaf Rust Outbreak, Drought, and Food Insecurity in Nicaragua<\/a>.&nbsp;<em>World Development,&nbsp;<\/em>2017, &nbsp;93: 136-152. &nbsp;https:\/\/doi.org\/10.1016\/j.worlddev.2016.12.025<\/p>\n\n\n\n<p>Maurer, E.P., N. Roby,*&nbsp;I.T. Stewart-Frey, and<strong> C.M. Bacon, <\/strong>Projected twenty-first-century changes in the Central American mid-summer drought using statistically downscaled climate projections &nbsp;<em>Regional Environmental Change,<\/em>&nbsp;2017, DOI 10.1007\/s10113-017-1177.<\/p>\n\n\n\n<p>Mar\u00eda Eugenia Flores G\u00f3mez,<strong> Christopher M. Bacon,<\/strong> Salatiel Valdivia,<br>Misael Rivas, Ruddy Espinoza, Ra\u00fal D\u00edaz, Erika P\u00e9rez. (2016) <a href=\"https:\/\/www.leisa-al.org\/web\/index.php\/volumen-32-numero-2\/1515-alimentacion-culturalmente-preferida-conocimiento-local-y-transicion-agroecologica-en-nicaragua\">Alimentaci\u00f3n culturalmente preferida: Conocimiento local y transici\u00f3n agroecol\u00f3gica en Nicaragua<\/a>. LIESA: Revista de Agroecologia. June. 32(2): 24-27.<\/p>\n\n\n\n<p><strong>Bacon, C. M. (<\/strong>2015). Food sovereignty, food security and fair trade: the case of an influential Nicaraguan smallholder cooperative<em>s.&nbsp;Third World Quarterly,<\/em>&nbsp;36(3), 469-488.<\/p>\n\n\n\n<p><strong>Bacon, C.M.<\/strong>,&nbsp;Sundstrom, W. A., Flores G\u00f3mez, M. E., Ernesto M\u00e9ndez, V.,&nbsp;Santos, R.,* Goldoftas, B., &amp;&nbsp;Dougherty, I*.&nbsp;(2014). Explaining the \u2018hungry farmer paradox\u2019: Smallholders and fair trade cooperatives navigate seasonality and change in Nicaragua\u2019s corn and coffee markets.&nbsp;<em>Global Environmental Change<\/em>&nbsp;(25): 133-149 <a href=\"http:\/\/www.sciencedirect.com\/science\/article\/pii\/S095937801400034X\">http:\/\/www.sciencedirect.com\/science\/article\/pii\/S095937801400034X<\/a><\/p>\n\n\n\n<h2 class=\"wp-block-heading\"><strong>Conference Presentations <\/strong><\/h2>\n\n\n\n<p>Stewart, I.T.. &amp; Bacon, C. M. (2024). Experiences launching a faculty-led initiative to foster university-community action research &amp; learning partnerships for environmental justice. Duality of Environmental Justice Conference. Stanford University.<\/p>\n\n\n\n<p>Bacon, C. M., Ursua-Garcia, P,. Duffy, K., Xang, M., Amore Rojas, A., Pugh, M., Felix, P., Svendahl, E., , Holland, J., Wood, K.,. (2024, March). Student food and basic needs insecurity at SCU and beyond. California Higher Education Basic Needs Alliance Conference. Sacramento, CA<\/p>\n\n\n\n<p>Bacon, C. M., &amp; Sundstrom, W. A. (2023, July). Smallholder Diversification, Food Security, &amp; Agroecology: Climatic and Market Hazards in Central America. Scientific Meetings. Assoc for Environmental Studies &amp; Sciences (AESS). Portland, OR.<\/p>\n\n\n\n<p>Bacon, C. M., Sundstrom, W. A., &amp; D\u00edaz, R. (2023, April). Farmers Learning Diversification for Food Security, Sovereignty and Resilience. .Climate and Environmental Justice Conference. SCU.&nbsp;<\/p>\n\n\n\n<p>Bacon, C. M., Amore Rojas, A., Pugh, M., Felix, P., Svendahl, E., Key, T., Holland, J., Wood, K., &amp; D\u2019Hers, C. (2023, July). Three Years of Unpacking the Complexities of Student Food Security at SCU AESS Annual Meeting. Portland, OR.<\/p>\n\n\n\n<p>Bacon, C. M., McCurry, E., Rose, B., Gleicher, A., McNeil, T., Rocha, S., Gil, R., &amp; Fernandez Leiva, F. (2022, March). Bridging Food Access and Food Justice Initiatives: A Pilot Study with a California Home Gardening Program and Food Pantry. In the American Association of Geographers (AAG) Annual Meeting. (Virtual Paper)<\/p>\n\n\n\n<p>Bacon, C. M. (2021, April). Food Justice Narratives, Agroecology, and Emergency Aid: Incremental and Potentially Transformation Responses to COVID Exacerbated Hunger in California. In the AAG Annual Conference. (Virtual Paper)<\/p>\n\n\n\n<p>Bacon, C. M., Flores Gomez, M. E., Ballardo, G., Rivas, M., Espinosa, R., Kriese, S., Chad, N., Martinez, E., Anaya, A., Shin, V., &amp; Hamm, G. (2020, December). Assessing Diversification, Food Security, &amp; Dietary Diversity w\/ Organized Smallholders in Nicaragua. 4th Intl\u2019 Conf. on Global Food Security. Elsevier, University Montpellier, Wageningen University Poster.&nbsp;<\/p>\n\n\n\n<p>Bacon, C. M.. Sundstrom, W. A., Stewart, I.T., &amp; Maurer, E. P.&nbsp; Raul Diaz, and Misael Rivas (2020, March). Food and Water Security in the Context of Climate Variability and Other Livelihood Hazards: Community-Based Participatory Action Research Assessment and Adaptation Planning in Nicaragua (Invited Keynote presentation) Loyola University Chicago. Workshop at their Climate Conference.<\/p>\n\n\n\n<p>Bacon, C. M., Sundstrom, W. A., Stewart-Frey, I. T., &amp; Maurer, E. P. (2019, Spring). Assessing Smallholder Food and Water Access in the Context of Cumulative Hazards and Stressors: An Integrated Approach. In the American Association of Geographers Annual Meeting. Progress in Household Water Insecurity Experiences 5: Quantitative Approaches (Sponsor: Water Resources Specialty Group).<\/p>\n\n\n\n<p>Kelley, L. Bacon, C.M. Stewart, IT., and Sundstrom, W. (2018).&nbsp; Gender, Institutions, and Access to Food and Water in Lean Times: A Comparative Case Study in Northern Nicaragua. Association of Geographers Annual Meeting. Sponsored by: Geographic Perspectives on Women, Cultural and Political Ecology, Geographies of Food and Agriculture Specialty Groups. New Orleans, 4\/14\/18.<\/p>\n\n\n\n<p>Bacon, C.M. Sundstrom, W.&nbsp; Stewart, IT., Maurer, E., and Kelley, L. (2018). Vulnerability and response of small farmers to environmental hazards: A longitudinal analysis of agricultural livelihoods and access to food and water. Contextualizing Variability: Enviro-Climatic Perception and the Potential for Adaptation (Kelley, C. &amp; Eisenhart, A, organizers). American Association of Geographers Annual Meeting. New Orleans. 4\/13\/18.&nbsp;<br>Bacon, C.M. (2018 invited presentation). <em>Water and Climate Justice: In Pursuit of Equity&nbsp; <\/em>(Panel).&nbsp; American Association of Geographers Annual Meeting. New Orleans, 4\/11\/18.<\/p>\n\n\n\n<p>Bacon, C.M., Sundstrom, W. and Stewart-Frey, I.T. (2017)&nbsp;<em>Smallholder solidarity&nbsp;and strategies to secure food and water access in Central America.<\/em>&nbsp;Panels on the Geographies of Bread and Water. AAG 2017 meeting, Boston, MA. 4\/8\/2017.<\/p>\n\n\n\n<p>Stewart-Frey, I., Bacon,&nbsp;C.M.,&nbsp;and&nbsp;Smoker, C. (2017)<em>&nbsp;Assessing Water Resources for Climate Adaptation through Community-Based Monitoring in rural Nicaragua. Poster #100:<\/em>&nbsp;AAG 2017 meeting, Boston, MA. 4\/6\/2017.<\/p>\n\n\n\n<p>Maurer, E.P., Stewart-Frey, I.T., W. Sundstrom, C. Bacon (2016),<a href=\"https:\/\/drive.google.com\/open?id=0B5Tyv_MkJ3XKWklTejh1bXhjUzQ\">&nbsp;<em>Climate Change and the Central American Mid-summer Drought \u2013 The Importance of Changing Precipitation Patterns for Food and Water Security,<\/em>&nbsp;<\/a>&nbsp;Presentation GC43C-1171 at AGU Fall 2016 meeting, San Francisco, CA, 12\/15\/2016.<\/p>\n\n\n\n<p>Bacon, C.M., Sundstrom, W. and Stewart-Frey, I.T. and Maurer, E. &nbsp;(2016) Vulnerabilidad y Resiliencia de hogares de Productores de peque\u00f1a escala frente a Riesgos Ambientales. &nbsp;<em>Foro Construyendo Resiliencia en Comunidades que Dependen del Caf\u00e9 en Centroam\u00e9rica y el Caribe<\/em>, Managua, Nicaragua. 9\/20\/2016.&nbsp;<a href=\"http:\/\/resilienciacafe.com\/\">http:\/\/resilienciacafe.com\/<\/a><\/p>\n\n\n\n<p>Bacon, CM., Sundstrom, W., Stewart-Frey, I, Beezer, D, (2016) Vulnerability or Resilience: Smallholders Respond to Drought and the Coffee Rust Outbreak in Nicaragua. Presented at the 2016 American Association of Geographers San Francisco, CA, 3\/31\/2016.<\/p>\n\n\n\n<p>N. Roby, Maurer, E.P., and C.M. Bacon, 2015. Projected 21st-century changes in the Central American mid-summer drought using statistically downscaled daily CMIP5 precipitation. poster presented at 2015 Fall AGU Meeting, San Francisco, CA, 12\/16\/2015.<\/p>\n\n\n\n<p>Bacon, CB, Sundstrom, W, Stewart, I., and Beezer, D. 2015. Smallholder Food and Water Security in the Face of Climatic Stress and the Coffee Leaf Rust: Lessons from Nicaragua. Presented at 2015 Fall AGU Meeting, San Francisco, Session: Observed and Projected Climate Change Impacts on Water Resources and Agriculture III \/Focus Group: Global Environmental Change. 2015 12\/19\/2015<\/p>\n\n\n\n<h2 class=\"wp-block-heading\"><strong>Selected Student RA Awards, Graduate Schools and Theses <\/strong><\/h2>\n\n\n\n<p>D\u00e9j\u00e0 Thomas &#8217;17\u00a0 <a href=\"https:\/\/www.scu.edu\/cas\/ess\/news\/breaking-news\/deja-thomas-17-has-been-awarded-a-national-udall-scholarship.html\">Udall Award,<\/a> and <a href=\"https:\/\/www.switzernetwork.org\/deja-thomas\">Switzer Environmental Leadership Fellowship (<\/a>2019, as grad student)<\/p>\n\n\n\n<p><a href=\"https:\/\/www.scu.edu\/cas\/ess\/news\/breaking-news\/environmental-studies-major-griffin-garner-20-wins-fulbright.html\">Griffin Garnar (2020) Fulbright Award <\/a><\/p>\n\n\n\n<p><a href=\"https:\/\/www.scu.edu\/news-and-events\/feature-stories\/fulbright-scholars\/stories\/fulbright-scholar-lauren-cloward.html\">Lauren Cloward (Fulbright Award, 2018)<\/a><\/p>\n\n\n\n<p>Brook Rose (2022) Neider Family Alumni Service Award, Santa Clara University<\/p>\n\n\n\n<h2 class=\"wp-block-heading\"><strong>Data Resources<\/strong><\/h2>\n\n\n\n<p><a rel=\"noreferrer noopener\" href=\"https:\/\/dataverse.harvard.edu\/dataset.xhtml?persistentId=doi:10.7910\/DVN\/ZGPTNI\" target=\"_blank\">Replication Data for: Towards Smallholder Food and Water Security: Climate Variability in the Context of Multiple Livelihood Hazards in Nicaragua \u2014 Dataverse<\/a><\/p>\n\n\n\n<h2 class=\"wp-block-heading\"><strong>Popular Education\/Results and Dissemination<\/strong><\/h2>\n\n\n\n<p>Coming soon&#8230;<\/p>\n","protected":false},"excerpt":{"rendered":"<p>Academic Publications (* for student co-authors) Bacon, C. M., Gleicher, A*., McCurry, E*., &amp; McNeil, C. (2024). Toward a justice approach to emergency food assistance and food waste: Exploring pantry\u2013urban gardener partnerships in California\u2019s Santa Clara County.&nbsp;Journal of Agriculture, Food &hellip; <a href=\"https:\/\/blogs.scu.edu\/agroecology\/about-research\/\">Continue reading <span class=\"meta-nav\">&rarr;<\/span><\/a><\/p>\n","protected":false},"author":2505,"featured_media":0,"parent":0,"menu_order":6,"comment_status":"closed","ping_status":"closed","template":"","meta":{"qubely_global_settings":"","qubely_interactions":"","kk_blocks_editor_width":"","_kiokenblocks_attr":"","_kiokenblocks_dimensions":"","footnotes":""},"class_list":["post-37","page","type-page","status-publish","hentry"],"post_mailing_queue_ids":[],"_links":{"self":[{"href":"https:\/\/blogs.scu.edu\/agroecology\/wp-json\/wp\/v2\/pages\/37","targetHints":{"allow":["GET"]}}],"collection":[{"href":"https:\/\/blogs.scu.edu\/agroecology\/wp-json\/wp\/v2\/pages"}],"about":[{"href":"https:\/\/blogs.scu.edu\/agroecology\/wp-json\/wp\/v2\/types\/page"}],"author":[{"embeddable":true,"href":"https:\/\/blogs.scu.edu\/agroecology\/wp-json\/wp\/v2\/users\/2505"}],"replies":[{"embeddable":true,"href":"https:\/\/blogs.scu.edu\/agroecology\/wp-json\/wp\/v2\/comments?post=37"}],"version-history":[{"count":19,"href":"https:\/\/blogs.scu.edu\/agroecology\/wp-json\/wp\/v2\/pages\/37\/revisions"}],"predecessor-version":[{"id":670,"href":"https:\/\/blogs.scu.edu\/agroecology\/wp-json\/wp\/v2\/pages\/37\/revisions\/670"}],"wp:attachment":[{"href":"https:\/\/blogs.scu.edu\/agroecology\/wp-json\/wp\/v2\/media?parent=37"}],"curies":[{"name":"wp","href":"https:\/\/api.w.org\/{rel}","templated":true}]}}