{"id":54,"date":"2012-10-20T06:01:34","date_gmt":"2012-10-20T06:01:34","guid":{"rendered":"http:\/\/blogs.scu.edu\/aecculturalhypertext\/?page_id=54"},"modified":"2012-12-11T06:13:29","modified_gmt":"2012-12-11T06:13:29","slug":"a-breif-evolution-of-the-pokemon-games","status":"publish","type":"page","link":"https:\/\/blogs.scu.edu\/aecculturalhypertext\/a-breif-evolution-of-the-pokemon-games\/","title":{"rendered":"Growth of the Game"},"content":{"rendered":"<div id=\"attachment_98\" style=\"width: 310px\" class=\"wp-caption alignleft\"><a href=\"http:\/\/blogs.scu.edu\/aecculturalhypertext\/files\/2012\/10\/Pokemon-Red.jpg\"><img loading=\"lazy\" decoding=\"async\" aria-describedby=\"caption-attachment-98\" class=\"size-full wp-image-98\" src=\"http:\/\/blogs.scu.edu\/aecculturalhypertext\/files\/2012\/10\/Pokemon-Red.jpg\" alt=\"\" width=\"300\" height=\"300\" srcset=\"https:\/\/blogs.scu.edu\/aecculturalhypertext\/files\/2012\/10\/Pokemon-Red.jpg 300w, https:\/\/blogs.scu.edu\/aecculturalhypertext\/files\/2012\/10\/Pokemon-Red-150x150.jpg 150w\" sizes=\"auto, (max-width: 300px) 100vw, 300px\" \/><\/a><p id=\"caption-attachment-98\" class=\"wp-caption-text\">Pokemon Red Box Art. Source: <a title=\"Pokemon Red Box Art\" href=\"http:\/\/www.gamerankings.com\/gameboy\/367023-pokemon-red-version\/images\/box68473.html\" target=\"_blank\">gamerankings.com<\/a><\/p><\/div>\n<p>Many Pok\u00e9mon players started playing when they were children. Most players formed friendships based around interest in the game. This common interest created a group dynamic such that players were encouraged to continue playing because their friends continued to play. Before the Pok\u00e9mon game series had access to the internet it was, for the most part, a game played only between friends. One player had to live within the vicinity of another, and even then, they had to use a link cable to battle or trade with friends.<\/p>\n<p>Nowadays, players are able to connect with others from all over the globe, regardless of language spoken. Because of the internet, and the creation of the Nintendo DS, players are able to not only communicate with each other, but also do international trades and battles. One interesting aspect about the history of the game and culture is that as technology evolved, so did the game. With each new generation of the game that&#8217;s released, the technical sophistication as to how Pok\u00e9mon breed and gain levels and stats is much more involved. The inclusion of the internet in the gaming technology has allowed for digital relationships to form. While at one point a player could only battle people whom he or she knew, it&#8217;s evolved to the point where one player can interact with another, regardless of where on the planet each lives. Along with each new generation of games, come more and more strategies not only for competitive battlers but also for breeders and collectors.<\/p>\n<p>Part of what keeps the Pok\u00e9mon players community alive is the competitiveness that is built into the game. Because one of the goals of the game is to become the Pok\u00e9mon Master, it\u2019s not enough to simply beat all of the in-game characters. Players want challenges and these challenges are presented in the form of other players. By pitting player against player, it fuels the drive to be the best player, to have the best team.<\/p>\n<p>Members of this culture vary greatly between their online personas and off-line personas. Online members are simply seen as participants in the culture with little thought given to age, race, or gender. However when players are viewed off-line, then the cultural and even generational diversity is much more apparent. Many members of the community started playing when they were children, or when the Pok\u00e9mon game series first made its debut. As a result, they have grown up with the games and have integrated Pok\u00e9mon into their lives. Sometimes, an entire family will be part of the culture. Take for example the <a title=\"The Arnold Family\" href=\"http:\/\/www.guinnessworldrecords.com\/news\/2012\/1\/video-world%E2%80%99s-most-prolific-pok%C3%A9mon-family-make-it-into-guinness-world-records-2012-gamer%E2%80%99s-edition\/\" target=\"_blank\">Arnold family,<\/a> where all five family members actively play Pok\u00e9mon and compete in official Pok\u00e9mon videogame world championships. While this may be an exception, it serves to highlight how diverse the Pok\u00e9mon internet culture is.<\/p>\n<div id=\"attachment_99\" style=\"width: 260px\" class=\"wp-caption alignnone\"><a href=\"http:\/\/blogs.scu.edu\/aecculturalhypertext\/files\/2012\/10\/Pokemon-Black2.png\"><img loading=\"lazy\" decoding=\"async\" aria-describedby=\"caption-attachment-99\" class=\"size-full wp-image-99\" src=\"http:\/\/blogs.scu.edu\/aecculturalhypertext\/files\/2012\/10\/Pokemon-Black2.png\" alt=\"\" width=\"250\" height=\"229\" \/><\/a><p id=\"caption-attachment-99\" class=\"wp-caption-text\">Pokemon Black 2 Box Art<\/p><\/div>\n","protected":false},"excerpt":{"rendered":"<p>Many Pok\u00e9mon players started playing when they were children. Most players formed friendships based around interest in the game. This common interest created a group dynamic such that players were encouraged to continue playing because their friends continued to play. &hellip; <a href=\"https:\/\/blogs.scu.edu\/aecculturalhypertext\/a-breif-evolution-of-the-pokemon-games\/\">Continue reading <span class=\"meta-nav\">&rarr;<\/span><\/a><\/p>\n","protected":false},"author":325,"featured_media":0,"parent":0,"menu_order":0,"comment_status":"closed","ping_status":"closed","template":"","meta":{"qubely_global_settings":"","qubely_interactions":"","kk_blocks_editor_width":"","_kiokenblocks_attr":"","_kiokenblocks_dimensions":"","footnotes":""},"class_list":["post-54","page","type-page","status-publish","hentry"],"post_mailing_queue_ids":[],"_links":{"self":[{"href":"https:\/\/blogs.scu.edu\/aecculturalhypertext\/wp-json\/wp\/v2\/pages\/54","targetHints":{"allow":["GET"]}}],"collection":[{"href":"https:\/\/blogs.scu.edu\/aecculturalhypertext\/wp-json\/wp\/v2\/pages"}],"about":[{"href":"https:\/\/blogs.scu.edu\/aecculturalhypertext\/wp-json\/wp\/v2\/types\/page"}],"author":[{"embeddable":true,"href":"https:\/\/blogs.scu.edu\/aecculturalhypertext\/wp-json\/wp\/v2\/users\/325"}],"replies":[{"embeddable":true,"href":"https:\/\/blogs.scu.edu\/aecculturalhypertext\/wp-json\/wp\/v2\/comments?post=54"}],"version-history":[{"count":14,"href":"https:\/\/blogs.scu.edu\/aecculturalhypertext\/wp-json\/wp\/v2\/pages\/54\/revisions"}],"predecessor-version":[{"id":59,"href":"https:\/\/blogs.scu.edu\/aecculturalhypertext\/wp-json\/wp\/v2\/pages\/54\/revisions\/59"}],"wp:attachment":[{"href":"https:\/\/blogs.scu.edu\/aecculturalhypertext\/wp-json\/wp\/v2\/media?parent=54"}],"curies":[{"name":"wp","href":"https:\/\/api.w.org\/{rel}","templated":true}]}}