{"id":15,"date":"2012-10-12T08:00:17","date_gmt":"2012-10-12T08:00:17","guid":{"rendered":"http:\/\/blogs.scu.edu\/aecculturalhypertext\/?page_id=15"},"modified":"2012-12-11T08:41:11","modified_gmt":"2012-12-11T08:41:11","slug":"ethnography","status":"publish","type":"page","link":"https:\/\/blogs.scu.edu\/aecculturalhypertext\/ethnography\/","title":{"rendered":"Member Interactions"},"content":{"rendered":"<div id=\"attachment_70\" style=\"width: 310px\" class=\"wp-caption alignleft\"><a href=\"http:\/\/blogs.scu.edu\/aecculturalhypertext\/files\/2012\/10\/Dsorg.jpg\"><img loading=\"lazy\" decoding=\"async\" aria-describedby=\"caption-attachment-70\" class=\"size-medium wp-image-70\" src=\"http:\/\/blogs.scu.edu\/aecculturalhypertext\/files\/2012\/10\/Dsorg-300x225.jpg\" alt=\"\" width=\"300\" height=\"225\" srcset=\"https:\/\/blogs.scu.edu\/aecculturalhypertext\/files\/2012\/10\/Dsorg-300x225.jpg 300w, https:\/\/blogs.scu.edu\/aecculturalhypertext\/files\/2012\/10\/Dsorg.jpg 512w\" sizes=\"auto, (max-width: 300px) 100vw, 300px\" \/><\/a><p id=\"caption-attachment-70\" class=\"wp-caption-text\">A Nintendo DS. Source: <a title=\"Vivid Gamer DS image\" href=\"http:\/\/vividgamer.com\/2011\/10\/14\/50-million-ds-units-sold\/\" target=\"_blank\">vividgamer.com<\/a><\/p><\/div>\n<p>There are two tools that are key to the interaction between players of Pok\u00e9mon: the computer, and the <a title=\"Nintendo's Website\" href=\"http:\/\/www.nintendo.com\" target=\"_blank\">Nintendo DS<\/a>. Because Pok\u00e9mon is platform specific, in order to actually do any battling or trading, a player must connect their Nintendo DS to the internet wirelessly. However, in order to set up these interactions, a player needs to first contact another via community websites, which is why a computer is also necessary.<\/p>\n<p>Using these methods, players can set up battles among friends, rivals, or even complete strangers in order to test the strength of their team. Because they can convene online, they can also form friendships, teams, alliances, and even set up tournaments. Setting up trades are a little more tricky, because most players look for specific Pok\u00e9mon when attempting to trade, or even specific attributes on a specific Pok\u00e9mon (Here is a link to an example of a <a title=\"Psii's Trade Shop IV'ed, Shinies\" href=\"http:\/\/www.smogon.com\/forums\/showthread.php?t=3470406\" target=\"_blank\">Trade fourm<\/a>, where a trader advertises what pokemon they have for trade). They may also set up trade chains so that every person involved in the chain will eventually get the Pok\u00e9mon that they wanted.<\/p>\n<p>Here&#8217;s an example of a\u00a0Pok\u00e9mon battle from an international tournament:<\/p>\n<p>[youtube]http:\/\/www.youtube.com\/watch?v=HptcKIEANks[\/youtube]<\/p>\n<p>These community websites are also very useful for the sharing of information. The message boards are especially helpful, because the Pok\u00e9mon that are popular in the battle scene are the ones that are most discussed. In this sense, they treat Pok\u00e9mon as an academic subject. They perform research and run battle scenarios in order to determine how well the Pok\u00e9mon performs against others and from this they write up reports that are shared for review by the entire community.<\/p>\n<p>This has led to the creation of websites like <a title=\"Smogon Community\" href=\"http:\/\/www.smogon.com\" target=\"_blank\">Smogon<\/a>, where a database of competitive Pok\u00e9mon move-sets and builds is compiled and continually updated based on the Pok\u00e9mon commonly appearing in each tier. These databases are great for both the theoretical aspect as well as the actual battles, because players can then build the ideal Pok\u00e9mon that they want to use.<\/p>\n","protected":false},"excerpt":{"rendered":"<p>There are two tools that are key to the interaction between players of Pok\u00e9mon: the computer, and the Nintendo DS. Because Pok\u00e9mon is platform specific, in order to actually do any battling or trading, a player must connect their Nintendo &hellip; <a href=\"https:\/\/blogs.scu.edu\/aecculturalhypertext\/ethnography\/\">Continue reading <span class=\"meta-nav\">&rarr;<\/span><\/a><\/p>\n","protected":false},"author":325,"featured_media":0,"parent":0,"menu_order":0,"comment_status":"closed","ping_status":"closed","template":"","meta":{"qubely_global_settings":"","qubely_interactions":"","kk_blocks_editor_width":"","_kiokenblocks_attr":"","_kiokenblocks_dimensions":"","footnotes":""},"class_list":["post-15","page","type-page","status-publish","hentry"],"post_mailing_queue_ids":[],"_links":{"self":[{"href":"https:\/\/blogs.scu.edu\/aecculturalhypertext\/wp-json\/wp\/v2\/pages\/15","targetHints":{"allow":["GET"]}}],"collection":[{"href":"https:\/\/blogs.scu.edu\/aecculturalhypertext\/wp-json\/wp\/v2\/pages"}],"about":[{"href":"https:\/\/blogs.scu.edu\/aecculturalhypertext\/wp-json\/wp\/v2\/types\/page"}],"author":[{"embeddable":true,"href":"https:\/\/blogs.scu.edu\/aecculturalhypertext\/wp-json\/wp\/v2\/users\/325"}],"replies":[{"embeddable":true,"href":"https:\/\/blogs.scu.edu\/aecculturalhypertext\/wp-json\/wp\/v2\/comments?post=15"}],"version-history":[{"count":15,"href":"https:\/\/blogs.scu.edu\/aecculturalhypertext\/wp-json\/wp\/v2\/pages\/15\/revisions"}],"predecessor-version":[{"id":179,"href":"https:\/\/blogs.scu.edu\/aecculturalhypertext\/wp-json\/wp\/v2\/pages\/15\/revisions\/179"}],"wp:attachment":[{"href":"https:\/\/blogs.scu.edu\/aecculturalhypertext\/wp-json\/wp\/v2\/media?parent=15"}],"curies":[{"name":"wp","href":"https:\/\/api.w.org\/{rel}","templated":true}]}}